{"id":24,"date":"2023-11-14T19:08:06","date_gmt":"2023-11-14T18:08:06","guid":{"rendered":"http:\/\/www.singlemalt76.photos\/?page_id=24"},"modified":"2023-11-17T16:03:48","modified_gmt":"2023-11-17T15:03:48","slug":"reisen-europa","status":"publish","type":"page","link":"http:\/\/www.singlemalt76.photos\/?page_id=24","title":{"rendered":"Reisen Europa"},"content":{"rendered":"<style>#jtg-album-154, #jtg-album-154 .modula-items { width:100%;}#jtg-album-154 .modula-items .figc p.description {color:#ffffff;font-size:14px;}#jtg-album-154 .modula-items .figc .jtg-title {font-size:inherit;}#jtg-album-154.modula-album .modula-items .modula-item{ background-color: #ffffff; }#jtg-album-154.modula-album .modula-items .modula-item.effect-under .figc{ background-color: ; }#jtg-album-154.modula-album .modula-items .modula-item:hover img.pic { opacity:0.5;}#jtg-album-154 .modula-items .figc .jtg-title .image_count { font-size:0px }@media screen and (max-width:480px){#jtg-album-154 .modula-item .figc .jtg-title {  font-size: 10px; }#jtg-album-154 .modula-items .figc p.description { color:#ffffff;font-size:12px; }}#jtg-album-154 .modula-item> .modula-item-content > a { cursor:zoom-in; } #jtg-album-154.modula-album .modula-item { width: calc(33.333333333333% - 6.6666666666667px) !important ; } #jtg-album-154 .modula-items{position:relative;}#jtg-album-154 .modula-items > .modula-item > .modula-item-content > .figc>.figc-inner { padding:50px; } #jtg-album-154  .modula-item.effect-oscar { background: -webkit-linear-gradient(45deg,#ffffff 0,#9b4a1b 40%,#ffffff 100%);background: linear-gradient(45deg,#ffffff 0,#9b4a1b 40%,#ffffff 100%);}#jtg-album-154  .modula-item.effect-roxy {background: -webkit-linear-gradient(45deg,#ffffff 0,#05abe0 100%);background: linear-gradient(45deg,#ffffff 0,#05abe0 100%);}#jtg-album-154 .modula-item.effect-dexter {background: -webkit-linear-gradient(top,#ffffff 0,rgba(104,60,19,1) 100%); background: linear-gradient(to bottom,#ffffff 0,rgba(104,60,19,1) 100%);}#jtg-album-154  .modula-item.effect-jazz {background: -webkit-linear-gradient(-45deg,#ffffff 0,#f33f58 100%);background: linear-gradient(-45deg,#ffffff 0,#f33f58 100%);}#jtg-album-154 .modula-item.effect-lexi {background: -webkit-linear-gradient(-45deg,#ffffff 0,#fff 100%);background: linear-gradient(-45deg,#ffffff 0,#fff 100%);}#jtg-album-154 .modula-item.effect-duke {background: -webkit-linear-gradient(-45deg,#ffffff 0,#cc6055 100%);background: linear-gradient(-45deg,#ffffff 0,#cc6055 100%);}<\/style>\n\n<div  id=\"jtg-album-154\" class=\"modula modula-album modula-grid \" data-config=\"{&quot;type&quot;:&quot;3&quot;,&quot;columns&quot;:12,&quot;gutter&quot;:10,&quot;enableResponsive&quot;:&quot;0&quot;,&quot;tabletColumns&quot;:&quot;2&quot;,&quot;mobileColumns&quot;:&quot;1&quot;,&quot;lazyLoad&quot;:&quot;0&quot;,&quot;lightbox&quot;:true,&quot;lightbox_settings&quot;:{&quot;buttons&quot;:[&quot;share&quot;,&quot;close&quot;],&quot;animationEffect&quot;:&quot;fade&quot;,&quot;animationDuration&quot;:366,&quot;transitionEffect&quot;:&quot;fade&quot;,&quot;transitionDuration&quot;:366,&quot;arrows&quot;:true,&quot;slideShow&quot;:{&quot;autoStart&quot;:false,&quot;speed&quot;:3000},&quot;modulaShare&quot;:[&quot;facebook&quot;,&quot;twitter&quot;,&quot;whatsapp&quot;],&quot;lightboxEmailSubject&quot;:&quot;Check out this awesome image !!&quot;,&quot;lightboxEmailMessage&quot;:&quot;Here is the link to the image : %%image_link%% and this is the link to the gallery : %%gallery_link%%&quot;}}\" >\n\n    \n    <div  class=\"modula-items\">\n        \n<div  data-width=\"2\" data-height=\"2\" class=\"modula-item tg-loaded effect-lens\" >\n\t<div class=\"modula-item-overlay\"><\/div>\n\n\t<div class=\"modula-item-content\">\n\n\t\t\n\t\t<a  class=\"gallery-link\" href=\"#\" data-gallery-id=\"155\" data-gallery-images=\"[{&quot;src&quot;:&quot;https:\\\/\\\/i0.wp.com\\\/www.singlemalt76.photos\\\/wp-content\\\/uploads\\\/2023\\\/11\\\/photo-output-13-scaled.jpg?fit=2560%2C2560&quot;,&quot;opts&quot;:{&quot;caption&quot;:&quot;&lt;p&gt;  &lt;\\\/p&gt; &quot;,&quot;thumb&quot;:&quot;https:\\\/\\\/i0.wp.com\\\/www.singlemalt76.photos\\\/wp-content\\\/uploads\\\/2023\\\/11\\\/photo-output-13-scaled.jpg?resize=150%2C150&quot;}},{&quot;src&quot;:&quot;https:\\\/\\\/i0.wp.com\\\/www.singlemalt76.photos\\\/wp-content\\\/uploads\\\/2023\\\/11\\\/photo-output-7-scaled.jpg?fit=2560%2C2560&quot;,&quot;opts&quot;:{&quot;caption&quot;:&quot;&lt;p&gt;  &lt;\\\/p&gt; &quot;,&quot;thumb&quot;:&quot;https:\\\/\\\/i0.wp.com\\\/www.singlemalt76.photos\\\/wp-content\\\/uploads\\\/2023\\\/11\\\/photo-output-7-scaled.jpg?resize=150%2C150&quot;}},{&quot;src&quot;:&quot;https:\\\/\\\/i0.wp.com\\\/www.singlemalt76.photos\\\/wp-content\\\/uploads\\\/2023\\\/11\\\/photo-output-17-scaled.jpg?fit=2560%2C2560&quot;,&quot;opts&quot;:{&quot;caption&quot;:&quot;&lt;p&gt;  &lt;\\\/p&gt; &quot;,&quot;thumb&quot;:&quot;https:\\\/\\\/i0.wp.com\\\/www.singlemalt76.photos\\\/wp-content\\\/uploads\\\/2023\\\/11\\\/photo-output-17-scaled.jpg?resize=150%2C150&quot;}},{&quot;src&quot;:&quot;https:\\\/\\\/i0.wp.com\\\/www.singlemalt76.photos\\\/wp-content\\\/uploads\\\/2023\\\/11\\\/photo-output-10.jpg?fit=2048%2C2048&quot;,&quot;opts&quot;:{&quot;caption&quot;:&quot;&lt;p&gt;  &lt;\\\/p&gt; &quot;,&quot;thumb&quot;:&quot;https:\\\/\\\/i0.wp.com\\\/www.singlemalt76.photos\\\/wp-content\\\/uploads\\\/2023\\\/11\\\/photo-output-10.jpg?resize=150%2C150&quot;}},{&quot;src&quot;:&quot;https:\\\/\\\/i0.wp.com\\\/www.singlemalt76.photos\\\/wp-content\\\/uploads\\\/2023\\\/11\\\/photo-output-8.jpg?fit=2048%2C2048&quot;,&quot;opts&quot;:{&quot;caption&quot;:&quot;&lt;p&gt;  &lt;\\\/p&gt; &quot;,&quot;thumb&quot;:&quot;https:\\\/\\\/i0.wp.com\\\/www.singlemalt76.photos\\\/wp-content\\\/uploads\\\/2023\\\/11\\\/photo-output-8.jpg?resize=150%2C150&quot;}},{&quot;src&quot;:&quot;https:\\\/\\\/i0.wp.com\\\/www.singlemalt76.photos\\\/wp-content\\\/uploads\\\/2023\\\/11\\\/photo-output-14.jpg?fit=2048%2C2048&quot;,&quot;opts&quot;:{&quot;caption&quot;:&quot;&lt;p&gt;  &lt;\\\/p&gt; &quot;,&quot;thumb&quot;:&quot;https:\\\/\\\/i0.wp.com\\\/www.singlemalt76.photos\\\/wp-content\\\/uploads\\\/2023\\\/11\\\/photo-output-14.jpg?resize=150%2C150&quot;}},{&quot;src&quot;:&quot;https:\\\/\\\/i0.wp.com\\\/www.singlemalt76.photos\\\/wp-content\\\/uploads\\\/2023\\\/11\\\/photo-output-11.jpg?fit=2048%2C2048&quot;,&quot;opts&quot;:{&quot;caption&quot;:&quot;&lt;p&gt;  &lt;\\\/p&gt; &quot;,&quot;thumb&quot;:&quot;https:\\\/\\\/i0.wp.com\\\/www.singlemalt76.photos\\\/wp-content\\\/uploads\\\/2023\\\/11\\\/photo-output-11.jpg?resize=150%2C150&quot;}},{&quot;src&quot;:&quot;https:\\\/\\\/i0.wp.com\\\/www.singlemalt76.photos\\\/wp-content\\\/uploads\\\/2023\\\/11\\\/photo-output-12.jpg?fit=2048%2C2048&quot;,&quot;opts&quot;:{&quot;caption&quot;:&quot;&lt;p&gt;  &lt;\\\/p&gt; &quot;,&quot;thumb&quot;:&quot;https:\\\/\\\/i0.wp.com\\\/www.singlemalt76.photos\\\/wp-content\\\/uploads\\\/2023\\\/11\\\/photo-output-12.jpg?resize=150%2C150&quot;}},{&quot;src&quot;:&quot;https:\\\/\\\/i0.wp.com\\\/www.singlemalt76.photos\\\/wp-content\\\/uploads\\\/2023\\\/11\\\/photo-output-16.jpg?fit=2048%2C2048&quot;,&quot;opts&quot;:{&quot;caption&quot;:&quot;&lt;p&gt;  &lt;\\\/p&gt; &quot;,&quot;thumb&quot;:&quot;https:\\\/\\\/i0.wp.com\\\/www.singlemalt76.photos\\\/wp-content\\\/uploads\\\/2023\\\/11\\\/photo-output-16.jpg?resize=150%2C150&quot;}},{&quot;src&quot;:&quot;https:\\\/\\\/i0.wp.com\\\/www.singlemalt76.photos\\\/wp-content\\\/uploads\\\/2023\\\/11\\\/photo-output-15.jpg?fit=2048%2C2048&quot;,&quot;opts&quot;:{&quot;caption&quot;:&quot;&lt;p&gt;  &lt;\\\/p&gt; &quot;,&quot;thumb&quot;:&quot;https:\\\/\\\/i0.wp.com\\\/www.singlemalt76.photos\\\/wp-content\\\/uploads\\\/2023\\\/11\\\/photo-output-15.jpg?resize=150%2C150&quot;}},{&quot;src&quot;:&quot;https:\\\/\\\/i0.wp.com\\\/www.singlemalt76.photos\\\/wp-content\\\/uploads\\\/2023\\\/11\\\/photo-output-9.jpg?fit=2048%2C2048&quot;,&quot;opts&quot;:{&quot;caption&quot;:&quot;&lt;p&gt;  &lt;\\\/p&gt; &quot;,&quot;thumb&quot;:&quot;https:\\\/\\\/i0.wp.com\\\/www.singlemalt76.photos\\\/wp-content\\\/uploads\\\/2023\\\/11\\\/photo-output-9.jpg?resize=150%2C150&quot;}},{&quot;src&quot;:&quot;https:\\\/\\\/i0.wp.com\\\/www.singlemalt76.photos\\\/wp-content\\\/uploads\\\/2023\\\/11\\\/photo-output-4.jpg?fit=2046%2C2046&quot;,&quot;opts&quot;:{&quot;caption&quot;:&quot;&lt;p&gt;  &lt;\\\/p&gt; &quot;,&quot;thumb&quot;:&quot;https:\\\/\\\/i0.wp.com\\\/www.singlemalt76.photos\\\/wp-content\\\/uploads\\\/2023\\\/11\\\/photo-output-4.jpg?resize=150%2C150&quot;}},{&quot;src&quot;:&quot;https:\\\/\\\/i0.wp.com\\\/www.singlemalt76.photos\\\/wp-content\\\/uploads\\\/2023\\\/11\\\/photo-output-3.jpg?fit=2048%2C2048&quot;,&quot;opts&quot;:{&quot;caption&quot;:&quot;&lt;p&gt;  &lt;\\\/p&gt; &quot;,&quot;thumb&quot;:&quot;https:\\\/\\\/i0.wp.com\\\/www.singlemalt76.photos\\\/wp-content\\\/uploads\\\/2023\\\/11\\\/photo-output-3.jpg?resize=150%2C150&quot;}},{&quot;src&quot;:&quot;https:\\\/\\\/i0.wp.com\\\/www.singlemalt76.photos\\\/wp-content\\\/uploads\\\/2023\\\/11\\\/photo-output.jpg?fit=2048%2C2048&quot;,&quot;opts&quot;:{&quot;caption&quot;:&quot;&lt;p&gt;  &lt;\\\/p&gt; &quot;,&quot;thumb&quot;:&quot;https:\\\/\\\/i0.wp.com\\\/www.singlemalt76.photos\\\/wp-content\\\/uploads\\\/2023\\\/11\\\/photo-output.jpg?resize=150%2C150&quot;}},{&quot;src&quot;:&quot;https:\\\/\\\/i0.wp.com\\\/www.singlemalt76.photos\\\/wp-content\\\/uploads\\\/2023\\\/11\\\/photo-output-6.jpg?fit=2048%2C2048&quot;,&quot;opts&quot;:{&quot;caption&quot;:&quot;&lt;p&gt;  &lt;\\\/p&gt; &quot;,&quot;thumb&quot;:&quot;https:\\\/\\\/i0.wp.com\\\/www.singlemalt76.photos\\\/wp-content\\\/uploads\\\/2023\\\/11\\\/photo-output-6.jpg?resize=150%2C150&quot;}},{&quot;src&quot;:&quot;https:\\\/\\\/i0.wp.com\\\/www.singlemalt76.photos\\\/wp-content\\\/uploads\\\/2023\\\/11\\\/photo-output-1.jpg?fit=2048%2C2048&quot;,&quot;opts&quot;:{&quot;caption&quot;:&quot;&lt;p&gt;  &lt;\\\/p&gt; &quot;,&quot;thumb&quot;:&quot;https:\\\/\\\/i0.wp.com\\\/www.singlemalt76.photos\\\/wp-content\\\/uploads\\\/2023\\\/11\\\/photo-output-1.jpg?resize=150%2C150&quot;}},{&quot;src&quot;:&quot;https:\\\/\\\/i0.wp.com\\\/www.singlemalt76.photos\\\/wp-content\\\/uploads\\\/2023\\\/11\\\/photo-output-5.jpg?fit=2048%2C2048&quot;,&quot;opts&quot;:{&quot;caption&quot;:&quot;&lt;p&gt;  &lt;\\\/p&gt; &quot;,&quot;thumb&quot;:&quot;https:\\\/\\\/i0.wp.com\\\/www.singlemalt76.photos\\\/wp-content\\\/uploads\\\/2023\\\/11\\\/photo-output-5.jpg?resize=150%2C150&quot;}},{&quot;src&quot;:&quot;https:\\\/\\\/i0.wp.com\\\/www.singlemalt76.photos\\\/wp-content\\\/uploads\\\/2023\\\/11\\\/photo-output-2.jpg?fit=2048%2C2048&quot;,&quot;opts&quot;:{&quot;caption&quot;:&quot;&lt;p&gt;  &lt;\\\/p&gt; &quot;,&quot;thumb&quot;:&quot;https:\\\/\\\/i0.wp.com\\\/www.singlemalt76.photos\\\/wp-content\\\/uploads\\\/2023\\\/11\\\/photo-output-2.jpg?resize=150%2C150&quot;}}]\" title=\"\" data-title=\"\" rel=\"155\"><\/a>\n\n\t\t\n\t\t<img loading=\"lazy\" decoding=\"async\"  alt=\"\" class=\"pic\" width=\"300\" height=\"300\" src=\"https:\/\/i0.wp.com\/www.singlemalt76.photos\/wp-content\/uploads\/2023\/11\/photo-output-13-scaled.jpg?fit=300%2C300\" data-src=\"https:\/\/i0.wp.com\/www.singlemalt76.photos\/wp-content\/uploads\/2023\/11\/photo-output-13-scaled.jpg?fit=300%2C300\" data-image-id=\"138\" srcset=\"https:\/\/i0.wp.com\/www.singlemalt76.photos\/wp-content\/uploads\/2023\/11\/photo-output-13-scaled.jpg?w=2560 2560w, https:\/\/i0.wp.com\/www.singlemalt76.photos\/wp-content\/uploads\/2023\/11\/photo-output-13-scaled.jpg?resize=300%2C300 300w, https:\/\/i0.wp.com\/www.singlemalt76.photos\/wp-content\/uploads\/2023\/11\/photo-output-13-scaled.jpg?resize=1024%2C1024 1024w, https:\/\/i0.wp.com\/www.singlemalt76.photos\/wp-content\/uploads\/2023\/11\/photo-output-13-scaled.jpg?resize=150%2C150 150w, https:\/\/i0.wp.com\/www.singlemalt76.photos\/wp-content\/uploads\/2023\/11\/photo-output-13-scaled.jpg?resize=768%2C768 768w, https:\/\/i0.wp.com\/www.singlemalt76.photos\/wp-content\/uploads\/2023\/11\/photo-output-13-scaled.jpg?resize=1536%2C1536 1536w, https:\/\/i0.wp.com\/www.singlemalt76.photos\/wp-content\/uploads\/2023\/11\/photo-output-13-scaled.jpg?resize=2048%2C2048 2048w, https:\/\/i0.wp.com\/www.singlemalt76.photos\/wp-content\/uploads\/2023\/11\/photo-output-13-scaled.jpg?w=2340 2340w\" sizes=\"(max-width: 300px) 100vw, 300px\" \/>\n\t\t<div class=\"figc no-description\">\n\n\t\t\t<div class=\"figc-inner\">\n\t\t\t\t\t\t\t\t\t<h2 class='jtg-title'>\n\t\t\t\t\t\tInstatest\t\t\t\t\t\t\t\t\t\t\t<\/h2>\n\t\t\t\t\t\t\t\t\t\t\t<\/div>\n\t\t<\/div>\n\t<\/div>\n<\/div>\n\n<div  data-width=\"2\" data-height=\"2\" class=\"modula-item tg-loaded effect-lens\" >\n\t<div class=\"modula-item-overlay\"><\/div>\n\n\t<div class=\"modula-item-content\">\n\n\t\t\n\t\t<a  class=\"gallery-link\" href=\"#\" data-gallery-id=\"71\" data-gallery-images=\"[{&quot;src&quot;:&quot;https:\\\/\\\/i0.wp.com\\\/www.singlemalt76.photos\\\/wp-content\\\/uploads\\\/2023\\\/11\\\/20231004-IMGL3385_DxO-001-LK1600.jpg?fit=1600%2C1042&quot;,&quot;opts&quot;:{&quot;caption&quot;:&quot;&lt;p&gt;  &lt;\\\/p&gt; &quot;,&quot;thumb&quot;:&quot;https:\\\/\\\/i0.wp.com\\\/www.singlemalt76.photos\\\/wp-content\\\/uploads\\\/2023\\\/11\\\/20231004-IMGL3385_DxO-001-LK1600.jpg?resize=150%2C150&quot;}},{&quot;src&quot;:&quot;https:\\\/\\\/i0.wp.com\\\/www.singlemalt76.photos\\\/wp-content\\\/uploads\\\/2023\\\/11\\\/20231004-IMGL3338_DxO-001-LK1600.jpg?fit=1600%2C1067&quot;,&quot;opts&quot;:{&quot;caption&quot;:&quot;&lt;p&gt;  &lt;\\\/p&gt; &quot;,&quot;thumb&quot;:&quot;https:\\\/\\\/i0.wp.com\\\/www.singlemalt76.photos\\\/wp-content\\\/uploads\\\/2023\\\/11\\\/20231004-IMGL3338_DxO-001-LK1600.jpg?resize=150%2C150&quot;}},{&quot;src&quot;:&quot;https:\\\/\\\/i0.wp.com\\\/www.singlemalt76.photos\\\/wp-content\\\/uploads\\\/2023\\\/11\\\/20231004-IMGL3293_DxO-HDR-001-LK1600.jpg?fit=1600%2C1067&quot;,&quot;opts&quot;:{&quot;caption&quot;:&quot;&lt;p&gt;  &lt;\\\/p&gt; &quot;,&quot;thumb&quot;:&quot;https:\\\/\\\/i0.wp.com\\\/www.singlemalt76.photos\\\/wp-content\\\/uploads\\\/2023\\\/11\\\/20231004-IMGL3293_DxO-HDR-001-LK1600.jpg?resize=150%2C150&quot;}}]\" title=\"\" data-title=\"\" rel=\"71\"><\/a>\n\n\t\t\n\t\t<img loading=\"lazy\" decoding=\"async\"  alt=\"\" class=\"pic\" width=\"300\" height=\"195\" src=\"https:\/\/i0.wp.com\/www.singlemalt76.photos\/wp-content\/uploads\/2023\/11\/20231004-IMGL3385_DxO-001-LK1600.jpg?fit=300%2C195\" data-src=\"https:\/\/i0.wp.com\/www.singlemalt76.photos\/wp-content\/uploads\/2023\/11\/20231004-IMGL3385_DxO-001-LK1600.jpg?fit=300%2C195\" data-image-id=\"72\" srcset=\"https:\/\/i0.wp.com\/www.singlemalt76.photos\/wp-content\/uploads\/2023\/11\/20231004-IMGL3385_DxO-001-LK1600.jpg?w=1600 1600w, https:\/\/i0.wp.com\/www.singlemalt76.photos\/wp-content\/uploads\/2023\/11\/20231004-IMGL3385_DxO-001-LK1600.jpg?resize=300%2C195 300w, https:\/\/i0.wp.com\/www.singlemalt76.photos\/wp-content\/uploads\/2023\/11\/20231004-IMGL3385_DxO-001-LK1600.jpg?resize=1024%2C667 1024w, https:\/\/i0.wp.com\/www.singlemalt76.photos\/wp-content\/uploads\/2023\/11\/20231004-IMGL3385_DxO-001-LK1600.jpg?resize=768%2C500 768w, https:\/\/i0.wp.com\/www.singlemalt76.photos\/wp-content\/uploads\/2023\/11\/20231004-IMGL3385_DxO-001-LK1600.jpg?resize=1536%2C1000 1536w\" sizes=\"(max-width: 300px) 100vw, 300px\" \/>\n\t\t<div class=\"figc no-description\">\n\n\t\t\t<div class=\"figc-inner\">\n\t\t\t\t\t\t\t\t\t<h2 class='jtg-title'>\n\t\t\t\t\t\tJava - Mount Bromo\t\t\t\t\t\t\t\t\t\t\t<\/h2>\n\t\t\t\t\t\t\t\t\t\t\t<\/div>\n\t\t<\/div>\n\t<\/div>\n<\/div>\n    <\/div>\n\n    \n<\/div>\n","protected":false},"excerpt":{"rendered":"","protected":false},"author":1,"featured_media":0,"parent":0,"menu_order":0,"comment_status":"closed","ping_status":"closed","template":"","meta":{"_editorskit_title_hidden":false,"_editorskit_reading_time":0,"_editorskit_is_block_options_detached":false,"_editorskit_block_options_position":"{}","footnotes":""},"yoast_head":"<!-- This site is optimized with the Yoast SEO plugin v21.5 - https:\/\/yoast.com\/wordpress\/plugins\/seo\/ -->\n<title>Reisen Europa - singlemalt76<\/title>\n<meta name=\"robots\" content=\"index, follow, max-snippet:-1, max-image-preview:large, max-video-preview:-1\" \/>\n<link rel=\"canonical\" href=\"http:\/\/www.singlemalt76.photos\/?page_id=24\" \/>\n<meta property=\"og:locale\" content=\"de_DE\" \/>\n<meta property=\"og:type\" content=\"article\" \/>\n<meta property=\"og:title\" content=\"Reisen Europa - singlemalt76\" \/>\n<meta property=\"og:url\" content=\"http:\/\/www.singlemalt76.photos\/?page_id=24\" \/>\n<meta property=\"og:site_name\" content=\"singlemalt76\" \/>\n<meta property=\"article:modified_time\" content=\"2023-11-17T15:03:48+00:00\" \/>\n<meta name=\"twitter:card\" content=\"summary_large_image\" \/>\n<meta name=\"twitter:label1\" content=\"Gesch\u00e4tzte Lesezeit\" \/>\n\t<meta name=\"twitter:data1\" content=\"1 Minute\" \/>\n<script type=\"application\/ld+json\" class=\"yoast-schema-graph\">{\"@context\":\"https:\/\/schema.org\",\"@graph\":[{\"@type\":\"WebPage\",\"@id\":\"http:\/\/www.singlemalt76.photos\/?page_id=24\",\"url\":\"http:\/\/www.singlemalt76.photos\/?page_id=24\",\"name\":\"Reisen Europa - singlemalt76\",\"isPartOf\":{\"@id\":\"http:\/\/www.singlemalt76.photos\/#website\"},\"datePublished\":\"2023-11-14T18:08:06+00:00\",\"dateModified\":\"2023-11-17T15:03:48+00:00\",\"breadcrumb\":{\"@id\":\"http:\/\/www.singlemalt76.photos\/?page_id=24#breadcrumb\"},\"inLanguage\":\"de-DE\",\"potentialAction\":[{\"@type\":\"ReadAction\",\"target\":[\"http:\/\/www.singlemalt76.photos\/?page_id=24\"]}]},{\"@type\":\"BreadcrumbList\",\"@id\":\"http:\/\/www.singlemalt76.photos\/?page_id=24#breadcrumb\",\"itemListElement\":[{\"@type\":\"ListItem\",\"position\":1,\"name\":\"Startseite\",\"item\":\"http:\/\/www.singlemalt76.photos\/\"},{\"@type\":\"ListItem\",\"position\":2,\"name\":\"Reisen Europa\"}]},{\"@type\":\"WebSite\",\"@id\":\"http:\/\/www.singlemalt76.photos\/#website\",\"url\":\"http:\/\/www.singlemalt76.photos\/\",\"name\":\"singlemalt76 - jan rechenberg - fotografie\",\"description\":\".. a simple travel and phographie blog\",\"potentialAction\":[{\"@type\":\"SearchAction\",\"target\":{\"@type\":\"EntryPoint\",\"urlTemplate\":\"http:\/\/www.singlemalt76.photos\/?s={search_term_string}\"},\"query-input\":\"required name=search_term_string\"}],\"inLanguage\":\"de-DE\"}]}<\/script>\n<!-- \/ Yoast SEO plugin. -->","yoast_head_json":{"title":"Reisen Europa - singlemalt76","robots":{"index":"index","follow":"follow","max-snippet":"max-snippet:-1","max-image-preview":"max-image-preview:large","max-video-preview":"max-video-preview:-1"},"canonical":"http:\/\/www.singlemalt76.photos\/?page_id=24","og_locale":"de_DE","og_type":"article","og_title":"Reisen Europa - singlemalt76","og_url":"http:\/\/www.singlemalt76.photos\/?page_id=24","og_site_name":"singlemalt76","article_modified_time":"2023-11-17T15:03:48+00:00","twitter_card":"summary_large_image","twitter_misc":{"Gesch\u00e4tzte Lesezeit":"1 Minute"},"schema":{"@context":"https:\/\/schema.org","@graph":[{"@type":"WebPage","@id":"http:\/\/www.singlemalt76.photos\/?page_id=24","url":"http:\/\/www.singlemalt76.photos\/?page_id=24","name":"Reisen Europa - singlemalt76","isPartOf":{"@id":"http:\/\/www.singlemalt76.photos\/#website"},"datePublished":"2023-11-14T18:08:06+00:00","dateModified":"2023-11-17T15:03:48+00:00","breadcrumb":{"@id":"http:\/\/www.singlemalt76.photos\/?page_id=24#breadcrumb"},"inLanguage":"de-DE","potentialAction":[{"@type":"ReadAction","target":["http:\/\/www.singlemalt76.photos\/?page_id=24"]}]},{"@type":"BreadcrumbList","@id":"http:\/\/www.singlemalt76.photos\/?page_id=24#breadcrumb","itemListElement":[{"@type":"ListItem","position":1,"name":"Startseite","item":"http:\/\/www.singlemalt76.photos\/"},{"@type":"ListItem","position":2,"name":"Reisen Europa"}]},{"@type":"WebSite","@id":"http:\/\/www.singlemalt76.photos\/#website","url":"http:\/\/www.singlemalt76.photos\/","name":"singlemalt76 - jan rechenberg - fotografie","description":".. a simple travel and phographie blog","potentialAction":[{"@type":"SearchAction","target":{"@type":"EntryPoint","urlTemplate":"http:\/\/www.singlemalt76.photos\/?s={search_term_string}"},"query-input":"required name=search_term_string"}],"inLanguage":"de-DE"}]}},"jetpack_sharing_enabled":true,"jetpack-related-posts":[{"id":54,"url":"http:\/\/www.singlemalt76.photos\/?page_id=54","url_meta":{"origin":24,"position":0},"title":"Reisen Welt","author":"singlemalt76","date":"16. November 2023","format":false,"excerpt":"","rel":"","context":"\u00c4hnlicher Beitrag","block_context":{"text":"\u00c4hnlicher Beitrag","link":""},"img":{"alt_text":"","src":"","width":0,"height":0},"classes":[]},{"id":86,"url":"http:\/\/www.singlemalt76.photos\/?page_id=86","url_meta":{"origin":24,"position":1},"title":"\u00dcber mich","author":"singlemalt76","date":"16. November 2023","format":false,"excerpt":"Ich bin Jan alias singlemalt76 und versuche hier zum x-ten mal einen Blog aufzusetzen. Reiseblogs gibt es viele. Fotoblogs auch. Wahrscheinlich auch beides in irgend einer Form. Ich m\u00f6chte hier gerne meine Fotos zeigen und freue mich auch \u00fcber Feedback, Diskussionen und Kommentare. Ziel wird es sein Bilder unserer Reisen\u2026","rel":"","context":"\u00c4hnlicher Beitrag","block_context":{"text":"\u00c4hnlicher Beitrag","link":""},"img":{"alt_text":"","src":"https:\/\/i0.wp.com\/www.singlemalt76.photos\/wp-content\/uploads\/2023\/11\/IMG_3123-e1700154498848.jpg?resize=350%2C200","width":350,"height":200,"srcset":"https:\/\/i0.wp.com\/www.singlemalt76.photos\/wp-content\/uploads\/2023\/11\/IMG_3123-e1700154498848.jpg?resize=350%2C200 1x, https:\/\/i0.wp.com\/www.singlemalt76.photos\/wp-content\/uploads\/2023\/11\/IMG_3123-e1700154498848.jpg?resize=525%2C300 1.5x, https:\/\/i0.wp.com\/www.singlemalt76.photos\/wp-content\/uploads\/2023\/11\/IMG_3123-e1700154498848.jpg?resize=700%2C400 2x"},"classes":[]},{"id":81,"url":"http:\/\/www.singlemalt76.photos\/?page_id=81","url_meta":{"origin":24,"position":2},"title":"Datenschutzerkl\u00e4rung","author":"singlemalt76","date":"16. November 2023","format":false,"excerpt":"von\u00a0singlemalt76.photos Um Informationen zu den personenbezogenen Daten, dem Zweck und den Parteien, welchen diese Daten mitgeteilt werden, zu erhalten, kontaktieren Sie den Eigent\u00fcmer Anbieter und Verantwortlicher Arten der erhobenen Daten Der Eigent\u00fcmer stellt keine Auflistung der erhobenen personenbezogenen Daten zur Verf\u00fcgung. Vollst\u00e4ndige Details zu jeder Art von verarbeiteten personenbezogenen Daten\u2026","rel":"","context":"\u00c4hnlicher Beitrag","block_context":{"text":"\u00c4hnlicher Beitrag","link":""},"img":{"alt_text":"","src":"","width":0,"height":0},"classes":[]}],"_links":{"self":[{"href":"http:\/\/www.singlemalt76.photos\/index.php?rest_route=\/wp\/v2\/pages\/24"}],"collection":[{"href":"http:\/\/www.singlemalt76.photos\/index.php?rest_route=\/wp\/v2\/pages"}],"about":[{"href":"http:\/\/www.singlemalt76.photos\/index.php?rest_route=\/wp\/v2\/types\/page"}],"author":[{"embeddable":true,"href":"http:\/\/www.singlemalt76.photos\/index.php?rest_route=\/wp\/v2\/users\/1"}],"replies":[{"embeddable":true,"href":"http:\/\/www.singlemalt76.photos\/index.php?rest_route=%2Fwp%2Fv2%2Fcomments&post=24"}],"version-history":[{"count":2,"href":"http:\/\/www.singlemalt76.photos\/index.php?rest_route=\/wp\/v2\/pages\/24\/revisions"}],"predecessor-version":[{"id":156,"href":"http:\/\/www.singlemalt76.photos\/index.php?rest_route=\/wp\/v2\/pages\/24\/revisions\/156"}],"wp:attachment":[{"href":"http:\/\/www.singlemalt76.photos\/index.php?rest_route=%2Fwp%2Fv2%2Fmedia&parent=24"}],"curies":[{"name":"wp","href":"https:\/\/api.w.org\/{rel}","templated":true}]}}